{"id":4436,"date":"2023-05-17T01:24:49","date_gmt":"2023-05-17T01:24:49","guid":{"rendered":"https:\/\/teresaaguilar.es\/?page_id=4436"},"modified":"2025-06-20T07:29:53","modified_gmt":"2025-06-20T07:29:53","slug":"librostraducidos","status":"publish","type":"page","link":"https:\/\/teresaaguilar.es\/it\/librostraducidos\/","title":{"rendered":"LIBRI TRADOTTI"},"content":{"rendered":"<div data-elementor-type=\"wp-page\" data-elementor-id=\"4436\" class=\"elementor elementor-4436\">\n\t\t\t\t\t\t<section class=\"elementor-section elementor-top-section elementor-element elementor-element-3ff3c93 elementor-section-boxed elementor-section-height-default elementor-section-height-default\" data-id=\"3ff3c93\" data-element_type=\"section\" data-e-type=\"section\">\n\t\t\t\t\t\t<div class=\"elementor-container elementor-column-gap-default\">\n\t\t\t\t\t<div class=\"elementor-column elementor-col-100 elementor-top-column elementor-element elementor-element-1b58055\" data-id=\"1b58055\" data-element_type=\"column\" data-e-type=\"column\">\n\t\t\t<div class=\"elementor-widget-wrap elementor-element-populated\">\n\t\t\t\t\t\t<div class=\"elementor-element elementor-element-5de0329 elementor-widget elementor-widget-heading\" data-id=\"5de0329\" data-element_type=\"widget\" data-e-type=\"widget\" data-widget_type=\"heading.default\">\n\t\t\t\t<div class=\"elementor-widget-container\">\n\t\t\t\t\t<h2 class=\"elementor-heading-title elementor-size-default\">Traduzione editoriale<\/h2>\t\t\t\t<\/div>\n\t\t\t\t<\/div>\n\t\t\t\t<div class=\"elementor-element elementor-element-2a43d47 elementor-widget elementor-widget-text-editor\" data-id=\"2a43d47\" data-element_type=\"widget\" data-e-type=\"widget\" data-widget_type=\"text-editor.default\">\n\t\t\t\t<div class=\"elementor-widget-container\">\n\t\t\t\t\t\t\t\t\t<p>Essere traduttrice di libri \u00e8 una grande fortuna. Mi permette di scoprire storie affascinanti e scoprire mondi nuovi, ogni volta che mi si presenta un progetto di traduzione.<\/p>\t\t\t\t\t\t\t\t<\/div>\n\t\t\t\t<\/div>\n\t\t\t\t\t<\/div>\n\t\t<\/div>\n\t\t\t\t\t<\/div>\n\t\t<\/section>\n\t\t\t\t<section class=\"elementor-section elementor-top-section elementor-element elementor-element-169651b elementor-section-boxed elementor-section-height-default elementor-section-height-default\" data-id=\"169651b\" data-element_type=\"section\" data-e-type=\"section\">\n\t\t\t\t\t\t<div class=\"elementor-container elementor-column-gap-default\">\n\t\t\t\t\t<div class=\"elementor-column elementor-col-25 elementor-top-column elementor-element elementor-element-be29444\" data-id=\"be29444\" data-element_type=\"column\" data-e-type=\"column\">\n\t\t\t<div class=\"elementor-widget-wrap elementor-element-populated\">\n\t\t\t\t\t\t<div class=\"elementor-element elementor-element-16dc25f elementor-widget elementor-widget-image\" data-id=\"16dc25f\" data-element_type=\"widget\" data-e-type=\"widget\" data-widget_type=\"image.default\">\n\t\t\t\t<div class=\"elementor-widget-container\">\n\t\t\t\t\t\t\t\t\t\t\t\t\t\t\t<img fetchpriority=\"high\" decoding=\"async\" width=\"208\" height=\"300\" src=\"https:\/\/teresaaguilar.es\/wp-content\/uploads\/2023\/10\/2-208x300.jpeg\" class=\"attachment-medium size-medium wp-image-4989\" alt=\"\" srcset=\"https:\/\/teresaaguilar.es\/wp-content\/uploads\/2023\/10\/2-208x300.jpeg 208w, https:\/\/teresaaguilar.es\/wp-content\/uploads\/2023\/10\/2-709x1024.jpeg 709w, https:\/\/teresaaguilar.es\/wp-content\/uploads\/2023\/10\/2-8x12.jpeg 8w, https:\/\/teresaaguilar.es\/wp-content\/uploads\/2023\/10\/2.jpeg 717w\" sizes=\"(max-width: 208px) 100vw, 208px\" \/>\t\t\t\t\t\t\t\t\t\t\t\t\t\t\t<\/div>\n\t\t\t\t<\/div>\n\t\t\t\t<div class=\"elementor-element elementor-element-73714b7 elementor-widget elementor-widget-heading\" data-id=\"73714b7\" data-element_type=\"widget\" data-e-type=\"widget\" data-widget_type=\"heading.default\">\n\t\t\t\t<div class=\"elementor-widget-container\">\n\t\t\t\t\t<h4 class=\"elementor-heading-title elementor-size-default\">(italiano a espa\u00f1ol)<\/h4>\t\t\t\t<\/div>\n\t\t\t\t<\/div>\n\t\t\t\t\t<\/div>\n\t\t<\/div>\n\t\t\t\t<div class=\"elementor-column elementor-col-25 elementor-top-column elementor-element elementor-element-14eaa18\" data-id=\"14eaa18\" data-element_type=\"column\" data-e-type=\"column\">\n\t\t\t<div class=\"elementor-widget-wrap elementor-element-populated\">\n\t\t\t\t\t\t<div class=\"elementor-element elementor-element-fd02324 elementor-widget elementor-widget-image\" data-id=\"fd02324\" data-element_type=\"widget\" data-e-type=\"widget\" data-widget_type=\"image.default\">\n\t\t\t\t<div class=\"elementor-widget-container\">\n\t\t\t\t\t\t\t\t\t\t\t\t\t\t\t<img decoding=\"async\" width=\"208\" height=\"300\" src=\"https:\/\/teresaaguilar.es\/wp-content\/uploads\/2023\/10\/5-208x300.jpeg\" class=\"attachment-medium size-medium wp-image-4992\" alt=\"\" srcset=\"https:\/\/teresaaguilar.es\/wp-content\/uploads\/2023\/10\/5-208x300.jpeg 208w, https:\/\/teresaaguilar.es\/wp-content\/uploads\/2023\/10\/5-709x1024.jpeg 709w, https:\/\/teresaaguilar.es\/wp-content\/uploads\/2023\/10\/5-8x12.jpeg 8w, https:\/\/teresaaguilar.es\/wp-content\/uploads\/2023\/10\/5.jpeg 717w\" sizes=\"(max-width: 208px) 100vw, 208px\" \/>\t\t\t\t\t\t\t\t\t\t\t\t\t\t\t<\/div>\n\t\t\t\t<\/div>\n\t\t\t\t<div class=\"elementor-element elementor-element-a6ed345 elementor-widget__width-initial elementor-widget elementor-widget-heading\" data-id=\"a6ed345\" data-element_type=\"widget\" data-e-type=\"widget\" data-widget_type=\"heading.default\">\n\t\t\t\t<div class=\"elementor-widget-container\">\n\t\t\t\t\t<h4 class=\"elementor-heading-title elementor-size-default\">(italiano a espa\u00f1ol)<\/h4>\t\t\t\t<\/div>\n\t\t\t\t<\/div>\n\t\t\t\t\t<\/div>\n\t\t<\/div>\n\t\t\t\t<div class=\"elementor-column elementor-col-25 elementor-top-column elementor-element elementor-element-21135a0\" data-id=\"21135a0\" data-element_type=\"column\" data-e-type=\"column\">\n\t\t\t<div class=\"elementor-widget-wrap elementor-element-populated\">\n\t\t\t\t\t\t<div class=\"elementor-element elementor-element-28d92cc elementor-widget elementor-widget-image\" data-id=\"28d92cc\" data-element_type=\"widget\" data-e-type=\"widget\" data-widget_type=\"image.default\">\n\t\t\t\t<div class=\"elementor-widget-container\">\n\t\t\t\t\t\t\t\t\t\t\t\t\t\t\t<img decoding=\"async\" width=\"239\" height=\"300\" src=\"https:\/\/teresaaguilar.es\/wp-content\/uploads\/2023\/10\/3-239x300.jpeg\" class=\"attachment-medium size-medium wp-image-4990\" alt=\"\" srcset=\"https:\/\/teresaaguilar.es\/wp-content\/uploads\/2023\/10\/3-239x300.jpeg 239w, https:\/\/teresaaguilar.es\/wp-content\/uploads\/2023\/10\/3-10x12.jpeg 10w, https:\/\/teresaaguilar.es\/wp-content\/uploads\/2023\/10\/3.jpeg 717w\" sizes=\"(max-width: 239px) 100vw, 239px\" \/>\t\t\t\t\t\t\t\t\t\t\t\t\t\t\t<\/div>\n\t\t\t\t<\/div>\n\t\t\t\t<div class=\"elementor-element elementor-element-4d999d8 elementor-widget elementor-widget-heading\" data-id=\"4d999d8\" data-element_type=\"widget\" data-e-type=\"widget\" data-widget_type=\"heading.default\">\n\t\t\t\t<div class=\"elementor-widget-container\">\n\t\t\t\t\t<h4 class=\"elementor-heading-title elementor-size-default\">(italiano a espa\u00f1ol)<\/h4>\t\t\t\t<\/div>\n\t\t\t\t<\/div>\n\t\t\t\t\t<\/div>\n\t\t<\/div>\n\t\t\t\t<div class=\"elementor-column elementor-col-25 elementor-top-column elementor-element elementor-element-2b4d22d\" data-id=\"2b4d22d\" data-element_type=\"column\" data-e-type=\"column\">\n\t\t\t<div class=\"elementor-widget-wrap elementor-element-populated\">\n\t\t\t\t\t\t<div class=\"elementor-element elementor-element-9938802 elementor-widget elementor-widget-image\" data-id=\"9938802\" data-element_type=\"widget\" data-e-type=\"widget\" data-widget_type=\"image.default\">\n\t\t\t\t<div class=\"elementor-widget-container\">\n\t\t\t\t\t\t\t\t\t\t\t\t\t\t\t<img loading=\"lazy\" decoding=\"async\" width=\"208\" height=\"300\" src=\"https:\/\/teresaaguilar.es\/wp-content\/uploads\/2023\/10\/4-208x300.jpeg\" class=\"attachment-medium size-medium wp-image-4991\" alt=\"\" srcset=\"https:\/\/teresaaguilar.es\/wp-content\/uploads\/2023\/10\/4-208x300.jpeg 208w, https:\/\/teresaaguilar.es\/wp-content\/uploads\/2023\/10\/4-709x1024.jpeg 709w, https:\/\/teresaaguilar.es\/wp-content\/uploads\/2023\/10\/4-8x12.jpeg 8w, https:\/\/teresaaguilar.es\/wp-content\/uploads\/2023\/10\/4.jpeg 717w\" sizes=\"(max-width: 208px) 100vw, 208px\" \/>\t\t\t\t\t\t\t\t\t\t\t\t\t\t\t<\/div>\n\t\t\t\t<\/div>\n\t\t\t\t<div class=\"elementor-element elementor-element-5337d33 elementor-widget elementor-widget-heading\" data-id=\"5337d33\" data-element_type=\"widget\" data-e-type=\"widget\" data-widget_type=\"heading.default\">\n\t\t\t\t<div class=\"elementor-widget-container\">\n\t\t\t\t\t<h4 class=\"elementor-heading-title elementor-size-default\">(italiano a espa\u00f1ol)<\/h4>\t\t\t\t<\/div>\n\t\t\t\t<\/div>\n\t\t\t\t\t<\/div>\n\t\t<\/div>\n\t\t\t\t\t<\/div>\n\t\t<\/section>\n\t\t\t\t<section class=\"elementor-section elementor-top-section elementor-element elementor-element-2652f35 elementor-section-boxed elementor-section-height-default elementor-section-height-default\" data-id=\"2652f35\" data-element_type=\"section\" data-e-type=\"section\">\n\t\t\t\t\t\t<div class=\"elementor-container elementor-column-gap-default\">\n\t\t\t\t\t<div class=\"elementor-column elementor-col-25 elementor-top-column elementor-element elementor-element-4d26e97\" data-id=\"4d26e97\" data-element_type=\"column\" data-e-type=\"column\">\n\t\t\t<div class=\"elementor-widget-wrap elementor-element-populated\">\n\t\t\t\t\t\t<div class=\"elementor-element elementor-element-352094b elementor-widget elementor-widget-image\" data-id=\"352094b\" data-element_type=\"widget\" data-e-type=\"widget\" data-widget_type=\"image.default\">\n\t\t\t\t<div class=\"elementor-widget-container\">\n\t\t\t\t\t\t\t\t\t\t\t\t\t\t\t<img loading=\"lazy\" decoding=\"async\" width=\"208\" height=\"300\" src=\"https:\/\/teresaaguilar.es\/wp-content\/uploads\/2023\/10\/1-208x300.jpeg\" class=\"attachment-medium size-medium wp-image-4988\" alt=\"\" srcset=\"https:\/\/teresaaguilar.es\/wp-content\/uploads\/2023\/10\/1-208x300.jpeg 208w, https:\/\/teresaaguilar.es\/wp-content\/uploads\/2023\/10\/1-709x1024.jpeg 709w, https:\/\/teresaaguilar.es\/wp-content\/uploads\/2023\/10\/1-8x12.jpeg 8w, https:\/\/teresaaguilar.es\/wp-content\/uploads\/2023\/10\/1.jpeg 717w\" sizes=\"(max-width: 208px) 100vw, 208px\" \/>\t\t\t\t\t\t\t\t\t\t\t\t\t\t\t<\/div>\n\t\t\t\t<\/div>\n\t\t\t\t<div class=\"elementor-element elementor-element-73b9911 elementor-widget elementor-widget-heading\" data-id=\"73b9911\" data-element_type=\"widget\" data-e-type=\"widget\" data-widget_type=\"heading.default\">\n\t\t\t\t<div class=\"elementor-widget-container\">\n\t\t\t\t\t<h4 class=\"elementor-heading-title elementor-size-default\"><h4 data-elementor-setting-key=\"title\" data-pen-placeholder=\"Teclea aqu\u00ed...\" style=\"font-style: normal\">(italiano a espa\u00f1ol)<br><\/h4><\/h4>\t\t\t\t<\/div>\n\t\t\t\t<\/div>\n\t\t\t\t<div class=\"elementor-element elementor-element-40a419c elementor-widget elementor-widget-image\" data-id=\"40a419c\" data-element_type=\"widget\" data-e-type=\"widget\" data-widget_type=\"image.default\">\n\t\t\t\t<div class=\"elementor-widget-container\">\n\t\t\t\t\t\t\t\t\t\t\t\t\t\t\t<img loading=\"lazy\" decoding=\"async\" width=\"260\" height=\"300\" src=\"https:\/\/teresaaguilar.es\/wp-content\/uploads\/2025\/02\/PHOTO-2025-02-13-18-44-11-260x300.jpg\" class=\"attachment-medium size-medium wp-image-5142\" alt=\"\" srcset=\"https:\/\/teresaaguilar.es\/wp-content\/uploads\/2025\/02\/PHOTO-2025-02-13-18-44-11-260x300.jpg 260w, https:\/\/teresaaguilar.es\/wp-content\/uploads\/2025\/02\/PHOTO-2025-02-13-18-44-11-10x12.jpg 10w, https:\/\/teresaaguilar.es\/wp-content\/uploads\/2025\/02\/PHOTO-2025-02-13-18-44-11.jpg 717w\" sizes=\"(max-width: 260px) 100vw, 260px\" \/>\t\t\t\t\t\t\t\t\t\t\t\t\t\t\t<\/div>\n\t\t\t\t<\/div>\n\t\t\t\t<div class=\"elementor-element elementor-element-111406d elementor-widget elementor-widget-heading\" data-id=\"111406d\" data-element_type=\"widget\" data-e-type=\"widget\" data-widget_type=\"heading.default\">\n\t\t\t\t<div class=\"elementor-widget-container\">\n\t\t\t\t\t<h4 class=\"elementor-heading-title elementor-size-default\">(italiano a espa\u00f1ol)<br><\/h4>\t\t\t\t<\/div>\n\t\t\t\t<\/div>\n\t\t\t\t\t<\/div>\n\t\t<\/div>\n\t\t\t\t<div class=\"elementor-column elementor-col-25 elementor-top-column elementor-element elementor-element-71e3a0a\" data-id=\"71e3a0a\" data-element_type=\"column\" data-e-type=\"column\">\n\t\t\t<div class=\"elementor-widget-wrap elementor-element-populated\">\n\t\t\t\t\t\t<div class=\"elementor-element elementor-element-4498c24 elementor-widget elementor-widget-image\" data-id=\"4498c24\" data-element_type=\"widget\" data-e-type=\"widget\" data-widget_type=\"image.default\">\n\t\t\t\t<div class=\"elementor-widget-container\">\n\t\t\t\t\t\t\t\t\t\t\t\t\t\t\t<img loading=\"lazy\" decoding=\"async\" width=\"249\" height=\"300\" src=\"https:\/\/teresaaguilar.es\/wp-content\/uploads\/2023\/10\/bet-249x300.jpeg\" class=\"attachment-medium size-medium wp-image-5028\" alt=\"\" srcset=\"https:\/\/teresaaguilar.es\/wp-content\/uploads\/2023\/10\/bet-249x300.jpeg 249w, https:\/\/teresaaguilar.es\/wp-content\/uploads\/2023\/10\/bet-10x12.jpeg 10w, https:\/\/teresaaguilar.es\/wp-content\/uploads\/2023\/10\/bet.jpeg 717w\" sizes=\"(max-width: 249px) 100vw, 249px\" \/>\t\t\t\t\t\t\t\t\t\t\t\t\t\t\t<\/div>\n\t\t\t\t<\/div>\n\t\t\t\t<div class=\"elementor-element elementor-element-8dbc877 elementor-widget elementor-widget-heading\" data-id=\"8dbc877\" data-element_type=\"widget\" data-e-type=\"widget\" data-widget_type=\"heading.default\">\n\t\t\t\t<div class=\"elementor-widget-container\">\n\t\t\t\t\t<h4 class=\"elementor-heading-title elementor-size-default\">(ingl\u00e9s a espa\u00f1ol)<\/h4>\t\t\t\t<\/div>\n\t\t\t\t<\/div>\n\t\t\t\t<div class=\"elementor-element elementor-element-da36e17 elementor-widget elementor-widget-image\" data-id=\"da36e17\" data-element_type=\"widget\" data-e-type=\"widget\" data-widget_type=\"image.default\">\n\t\t\t\t<div class=\"elementor-widget-container\">\n\t\t\t\t\t\t\t\t\t\t\t\t\t\t\t<img loading=\"lazy\" decoding=\"async\" width=\"258\" height=\"337\" src=\"https:\/\/teresaaguilar.es\/wp-content\/uploads\/2025\/06\/PHOTO-2025-06-19-13-17-35.jpg\" class=\"attachment-medium_large size-medium_large wp-image-5209\" alt=\"\" srcset=\"https:\/\/teresaaguilar.es\/wp-content\/uploads\/2025\/06\/PHOTO-2025-06-19-13-17-35.jpg 258w, https:\/\/teresaaguilar.es\/wp-content\/uploads\/2025\/06\/PHOTO-2025-06-19-13-17-35-230x300.jpg 230w, https:\/\/teresaaguilar.es\/wp-content\/uploads\/2025\/06\/PHOTO-2025-06-19-13-17-35-9x12.jpg 9w\" sizes=\"(max-width: 258px) 100vw, 258px\" \/>\t\t\t\t\t\t\t\t\t\t\t\t\t\t\t<\/div>\n\t\t\t\t<\/div>\n\t\t\t\t<div class=\"elementor-element elementor-element-98ce522 elementor-widget elementor-widget-heading\" data-id=\"98ce522\" data-element_type=\"widget\" data-e-type=\"widget\" data-widget_type=\"heading.default\">\n\t\t\t\t<div class=\"elementor-widget-container\">\n\t\t\t\t\t<h4 class=\"elementor-heading-title elementor-size-default\">(italiano a espa\u00f1ol)<br><\/h4>\t\t\t\t<\/div>\n\t\t\t\t<\/div>\n\t\t\t\t\t<\/div>\n\t\t<\/div>\n\t\t\t\t<div class=\"elementor-column elementor-col-25 elementor-top-column elementor-element elementor-element-cbbcb80\" data-id=\"cbbcb80\" data-element_type=\"column\" data-e-type=\"column\">\n\t\t\t<div class=\"elementor-widget-wrap elementor-element-populated\">\n\t\t\t\t\t\t<div class=\"elementor-element elementor-element-7739bc6 elementor-widget elementor-widget-image\" data-id=\"7739bc6\" data-element_type=\"widget\" data-e-type=\"widget\" data-widget_type=\"image.default\">\n\t\t\t\t<div class=\"elementor-widget-container\">\n\t\t\t\t\t\t\t\t\t\t\t\t\t\t\t<img loading=\"lazy\" decoding=\"async\" width=\"199\" height=\"300\" src=\"https:\/\/teresaaguilar.es\/wp-content\/uploads\/2023\/05\/Senior-Coach-italiano-a-espanol-199x300.png\" class=\"attachment-medium size-medium wp-image-4499\" alt=\"\" srcset=\"https:\/\/teresaaguilar.es\/wp-content\/uploads\/2023\/05\/Senior-Coach-italiano-a-espanol-199x300.png 199w, https:\/\/teresaaguilar.es\/wp-content\/uploads\/2023\/05\/Senior-Coach-italiano-a-espanol-8x12.png 8w, https:\/\/teresaaguilar.es\/wp-content\/uploads\/2023\/05\/Senior-Coach-italiano-a-espanol.png 628w\" sizes=\"(max-width: 199px) 100vw, 199px\" \/>\t\t\t\t\t\t\t\t\t\t\t\t\t\t\t<\/div>\n\t\t\t\t<\/div>\n\t\t\t\t<div class=\"elementor-element elementor-element-b60b5a1 elementor-widget elementor-widget-heading\" data-id=\"b60b5a1\" data-element_type=\"widget\" data-e-type=\"widget\" data-widget_type=\"heading.default\">\n\t\t\t\t<div class=\"elementor-widget-container\">\n\t\t\t\t\t<h4 class=\"elementor-heading-title elementor-size-default\">(italiano a espa\u00f1ol)<\/h4>\t\t\t\t<\/div>\n\t\t\t\t<\/div>\n\t\t\t\t\t<\/div>\n\t\t<\/div>\n\t\t\t\t<div class=\"elementor-column elementor-col-25 elementor-top-column elementor-element elementor-element-70e23d6\" data-id=\"70e23d6\" data-element_type=\"column\" data-e-type=\"column\">\n\t\t\t<div class=\"elementor-widget-wrap elementor-element-populated\">\n\t\t\t\t\t\t<div class=\"elementor-element elementor-element-19b77fb elementor-widget elementor-widget-image\" data-id=\"19b77fb\" data-element_type=\"widget\" data-e-type=\"widget\" data-widget_type=\"image.default\">\n\t\t\t\t<div class=\"elementor-widget-container\">\n\t\t\t\t\t\t\t\t\t\t\t\t\t\t\t<img loading=\"lazy\" decoding=\"async\" width=\"249\" height=\"300\" src=\"https:\/\/teresaaguilar.es\/wp-content\/uploads\/2023\/10\/bem-249x300.jpeg\" class=\"attachment-medium size-medium wp-image-5027\" alt=\"\" srcset=\"https:\/\/teresaaguilar.es\/wp-content\/uploads\/2023\/10\/bem-249x300.jpeg 249w, https:\/\/teresaaguilar.es\/wp-content\/uploads\/2023\/10\/bem-10x12.jpeg 10w, https:\/\/teresaaguilar.es\/wp-content\/uploads\/2023\/10\/bem.jpeg 717w\" sizes=\"(max-width: 249px) 100vw, 249px\" \/>\t\t\t\t\t\t\t\t\t\t\t\t\t\t\t<\/div>\n\t\t\t\t<\/div>\n\t\t\t\t<div class=\"elementor-element elementor-element-936d85f elementor-widget elementor-widget-heading\" data-id=\"936d85f\" data-element_type=\"widget\" data-e-type=\"widget\" data-widget_type=\"heading.default\">\n\t\t\t\t<div class=\"elementor-widget-container\">\n\t\t\t\t\t<h4 class=\"elementor-heading-title elementor-size-default\">(ingl\u00e9s a espa\u00f1ol)<\/h4>\t\t\t\t<\/div>\n\t\t\t\t<\/div>\n\t\t\t\t\t<\/div>\n\t\t<\/div>\n\t\t\t\t\t<\/div>\n\t\t<\/section>\n\t\t\t\t<section class=\"elementor-section elementor-top-section elementor-element elementor-element-1a3e87c elementor-section-boxed elementor-section-height-default elementor-section-height-default\" data-id=\"1a3e87c\" data-element_type=\"section\" data-e-type=\"section\">\n\t\t\t\t\t\t<div class=\"elementor-container elementor-column-gap-default\">\n\t\t\t\t\t<div class=\"elementor-column elementor-col-100 elementor-top-column elementor-element elementor-element-56339a0\" data-id=\"56339a0\" data-element_type=\"column\" data-e-type=\"column\">\n\t\t\t<div class=\"elementor-widget-wrap elementor-element-populated\">\n\t\t\t\t\t\t<div class=\"elementor-element elementor-element-97ee85d elementor-widget elementor-widget-heading\" data-id=\"97ee85d\" data-element_type=\"widget\" data-e-type=\"widget\" data-widget_type=\"heading.default\">\n\t\t\t\t<div class=\"elementor-widget-container\">\n\t\t\t\t\t<h2 class=\"elementor-heading-title elementor-size-default\">OTROS\n<\/h2>\t\t\t\t<\/div>\n\t\t\t\t<\/div>\n\t\t\t\t\t<\/div>\n\t\t<\/div>\n\t\t\t\t\t<\/div>\n\t\t<\/section>\n\t\t\t\t<\/div>","protected":false},"excerpt":{"rendered":"<p>Traducci\u00f3n editorial Como traductora de libros, tengo la gran fortuna de poder disfrutar de historias fascinantes y descubrir mundos nuevos cada vez que inicio un proyecto de traducci\u00f3n. (italiano a espa\u00f1ol) (italiano a espa\u00f1ol) (italiano a espa\u00f1ol) (italiano a espa\u00f1ol) (italiano a espa\u00f1ol) (italiano a espa\u00f1ol) (ingl\u00e9s a espa\u00f1ol) (italiano a espa\u00f1ol) (italiano a espa\u00f1ol) [&hellip;]<\/p>\n","protected":false},"author":1,"featured_media":0,"parent":0,"menu_order":0,"comment_status":"closed","ping_status":"closed","template":"","meta":{"_uag_custom_page_level_css":"","site-sidebar-layout":"no-sidebar","site-content-layout":"page-builder","ast-site-content-layout":"default","site-content-style":"default","site-sidebar-style":"default","ast-global-header-display":"","ast-banner-title-visibility":"","ast-main-header-display":"","ast-hfb-above-header-display":"","ast-hfb-below-header-display":"","ast-hfb-mobile-header-display":"","site-post-title":"disabled","ast-breadcrumbs-content":"","ast-featured-img":"disabled","footer-sml-layout":"","ast-disable-related-posts":"","theme-transparent-header-meta":"","adv-header-id-meta":"","stick-header-meta":"","header-above-stick-meta":"","header-main-stick-meta":"","header-below-stick-meta":"","astra-migrate-meta-layouts":"default","ast-page-background-enabled":"default","ast-page-background-meta":{"desktop":{"background-color":"","background-image":"","background-repeat":"repeat","background-position":"center center","background-size":"auto","background-attachment":"scroll","background-type":"","background-media":"","overlay-type":"","overlay-color":"","overlay-opacity":"","overlay-gradient":""},"tablet":{"background-color":"","background-image":"","background-repeat":"repeat","background-position":"center center","background-size":"auto","background-attachment":"scroll","background-type":"","background-media":"","overlay-type":"","overlay-color":"","overlay-opacity":"","overlay-gradient":""},"mobile":{"background-color":"","background-image":"","background-repeat":"repeat","background-position":"center center","background-size":"auto","background-attachment":"scroll","background-type":"","background-media":"","overlay-type":"","overlay-color":"","overlay-opacity":"","overlay-gradient":""}},"ast-content-background-meta":{"desktop":{"background-color":"var(--ast-global-color-5)","background-image":"","background-repeat":"repeat","background-position":"center center","background-size":"auto","background-attachment":"scroll","background-type":"","background-media":"","overlay-type":"","overlay-color":"","overlay-opacity":"","overlay-gradient":""},"tablet":{"background-color":"var(--ast-global-color-5)","background-image":"","background-repeat":"repeat","background-position":"center center","background-size":"auto","background-attachment":"scroll","background-type":"","background-media":"","overlay-type":"","overlay-color":"","overlay-opacity":"","overlay-gradient":""},"mobile":{"background-color":"var(--ast-global-color-5)","background-image":"","background-repeat":"repeat","background-position":"center center","background-size":"auto","background-attachment":"scroll","background-type":"","background-media":"","overlay-type":"","overlay-color":"","overlay-opacity":"","overlay-gradient":""}},"footnotes":""},"class_list":["post-4436","page","type-page","status-publish","hentry"],"uagb_featured_image_src":{"full":false,"thumbnail":false,"medium":false,"medium_large":false,"large":false,"1536x1536":false,"2048x2048":false,"trp-custom-language-flag":false},"uagb_author_info":{"display_name":"admin","author_link":"https:\/\/teresaaguilar.es\/it\/author\/admin\/"},"uagb_comment_info":0,"uagb_excerpt":"Traducci\u00f3n editorial Como traductora de libros, tengo la gran fortuna de poder disfrutar de historias fascinantes y descubrir mundos nuevos cada vez que inicio un proyecto de traducci\u00f3n. (italiano a espa\u00f1ol) (italiano a espa\u00f1ol) (italiano a espa\u00f1ol) (italiano a espa\u00f1ol) (italiano a espa\u00f1ol) (italiano a espa\u00f1ol) (ingl\u00e9s a espa\u00f1ol) (italiano a espa\u00f1ol) (italiano a espa\u00f1ol)&hellip;","_links":{"self":[{"href":"https:\/\/teresaaguilar.es\/it\/wp-json\/wp\/v2\/pages\/4436","targetHints":{"allow":["GET"]}}],"collection":[{"href":"https:\/\/teresaaguilar.es\/it\/wp-json\/wp\/v2\/pages"}],"about":[{"href":"https:\/\/teresaaguilar.es\/it\/wp-json\/wp\/v2\/types\/page"}],"author":[{"embeddable":true,"href":"https:\/\/teresaaguilar.es\/it\/wp-json\/wp\/v2\/users\/1"}],"replies":[{"embeddable":true,"href":"https:\/\/teresaaguilar.es\/it\/wp-json\/wp\/v2\/comments?post=4436"}],"version-history":[{"count":42,"href":"https:\/\/teresaaguilar.es\/it\/wp-json\/wp\/v2\/pages\/4436\/revisions"}],"predecessor-version":[{"id":5212,"href":"https:\/\/teresaaguilar.es\/it\/wp-json\/wp\/v2\/pages\/4436\/revisions\/5212"}],"wp:attachment":[{"href":"https:\/\/teresaaguilar.es\/it\/wp-json\/wp\/v2\/media?parent=4436"}],"curies":[{"name":"wp","href":"https:\/\/api.w.org\/{rel}","templated":true}]}}